{"id":73,"date":"2020-10-28T09:44:16","date_gmt":"2020-10-28T08:44:16","guid":{"rendered":"http:\/\/chateau-cinq-mars.fr\/?page_id=73"},"modified":"2025-09-21T22:21:57","modified_gmt":"2025-09-21T20:21:57","slug":"infos-pratiques","status":"publish","type":"page","link":"https:\/\/chateau-cinq-mars.fr\/index.php\/infos-pratiques\/","title":{"rendered":"Informations pratiques"},"content":{"rendered":"\n<div class=\"wp-block-group is-nowrap is-layout-flex wp-container-core-group-is-layout-ad2f72ca wp-block-group-is-layout-flex\">\n<div class=\"wp-block-group\"><div class=\"wp-block-group__inner-container is-layout-constrained wp-block-group-is-layout-constrained\">\n<p><br>Acc\u00e8s<\/p>\n\n\n\n<p>PAR LA ROUTE :<\/p>\n\n\n\n<p>Suivre la D952 jusqu&rsquo;\u00e0 Cinq-Mars-la-Pile. Une fois dans la ville : remonter la rue du ch\u00e2teau situ\u00e9e entre l&rsquo;\u00e9glise et la mairie (sur la droite en venant de Tours).<\/p>\n\n\n\n<div class=\"wp-block-group is-nowrap is-layout-flex wp-container-core-group-is-layout-ad2f72ca wp-block-group-is-layout-flex\">\n<p>\u00c0 17 km \u00e0 l&rsquo;ouest de Tours.<br>\u00c0 5 km \u00e0 l&rsquo;est de Langeais.<br>Longitude 0\u00b027&rsquo;47\u00a0\u00bb<br>Latitude 47\u00b020\u201957\u2019\u2019<\/p>\n<\/div>\n\n\n\n<p>EN TRAIN :<\/p>\n\n\n\n<p>Liaison TGV vers Tours ou St-Pierre-des-Corps. Puis correspondance vers la gare de Cinq-Mars-la-Pile.<\/p>\n\n\n\n<p>EN AVION :<\/p>\n\n\n\n<p>Acc\u00e8s via l&rsquo;a\u00e9roport Tours-Val de Loire (\u00e0 26 km de Cinq-Mars-la-Pile).<br><\/p>\n<\/div><\/div>\n\n\n<\/div>\n\n\n\n<p>Visite du ch\u00e2teau et du parc<\/p>\n\n\n\n<p>OUVERT : \u00c9t\u00e9 du 1er juillet au 15 septembre : tous les jours sauf le mardi, de 11 h \u00e0 20 h. Mi-saison du 1er avril au 30 juin et du 16 septembre au 1er novembre : week-ends et jours f\u00e9ri\u00e9s, de 11 h \u00e0 18 h. Hiver : ferm\u00e9, sauf sur r\u00e9servation pour les chambres d&rsquo;h\u00f4tes et les groupes de visiteurs<\/p>\n\n\n\n<p>TARIFS : Plein tarif : 5 \u20ac<br>Tarif r\u00e9duit : 3 \u20ac pour les enfants de moins de 16 ans, les \u00e9tudiants de moins de 25 ans, les personnes handicap\u00e9es, les militaires, les Cinq-Marsiens, les groupes de plus de 20 personnes.<br>Groupes scolaires : 1 \u20ac<br>Gratuit pour les enfants de moins de 6 ans<\/p>\n\n\n\n<p>La visite se fait g\u00e9n\u00e9ralement sans guide, dur\u00e9e moyenne 30 minutes.<br>Vous pouvez voir l&rsquo;int\u00e9rieur d&rsquo;une tour, les douves, le parc romantique, les taupi\u00e8res de la juiverie et l&rsquo;atelier de peinture.<br>Documentation disponible en 8 langues.<\/p>\n\n\n\n<hr class=\"wp-block-separator has-css-opacity\"\/>\n\n\n\n<p><\/p>\n","protected":false},"excerpt":{"rendered":"<p>Acc\u00e8s PAR LA ROUTE : Suivre la D952 jusqu&rsquo;\u00e0 Cinq-Mars-la-Pile. Une fois dans la ville : remonter la rue du ch\u00e2teau situ\u00e9e entre l&rsquo;\u00e9glise et la mairie (sur la droite en venant de Tours). \u00c0 17 km \u00e0 l&rsquo;ouest de Tours.\u00c0 5 km \u00e0 l&rsquo;est de Langeais.Longitude 0\u00b027&rsquo;47\u00a0\u00bbLatitude 47\u00b020\u201957\u2019\u2019 EN TRAIN : Liaison TGV vers &hellip; <\/p>\n<p class=\"link-more\"><a href=\"https:\/\/chateau-cinq-mars.fr\/index.php\/infos-pratiques\/\" class=\"more-link\">Continuer la lecture<span class=\"screen-reader-text\"> de &laquo;&nbsp;Informations pratiques&nbsp;&raquo;<\/span><\/a><\/p>\n","protected":false},"author":1,"featured_media":0,"parent":0,"menu_order":0,"comment_status":"closed","ping_status":"closed","template":"","meta":{"pgc_sgb_lightbox_settings":"","footnotes":""},"class_list":["post-73","page","type-page","status-publish","hentry"],"_links":{"self":[{"href":"https:\/\/chateau-cinq-mars.fr\/index.php\/wp-json\/wp\/v2\/pages\/73","targetHints":{"allow":["GET"]}}],"collection":[{"href":"https:\/\/chateau-cinq-mars.fr\/index.php\/wp-json\/wp\/v2\/pages"}],"about":[{"href":"https:\/\/chateau-cinq-mars.fr\/index.php\/wp-json\/wp\/v2\/types\/page"}],"author":[{"embeddable":true,"href":"https:\/\/chateau-cinq-mars.fr\/index.php\/wp-json\/wp\/v2\/users\/1"}],"replies":[{"embeddable":true,"href":"https:\/\/chateau-cinq-mars.fr\/index.php\/wp-json\/wp\/v2\/comments?post=73"}],"version-history":[{"count":41,"href":"https:\/\/chateau-cinq-mars.fr\/index.php\/wp-json\/wp\/v2\/pages\/73\/revisions"}],"predecessor-version":[{"id":327,"href":"https:\/\/chateau-cinq-mars.fr\/index.php\/wp-json\/wp\/v2\/pages\/73\/revisions\/327"}],"wp:attachment":[{"href":"https:\/\/chateau-cinq-mars.fr\/index.php\/wp-json\/wp\/v2\/media?parent=73"}],"curies":[{"name":"wp","href":"https:\/\/api.w.org\/{rel}","templated":true}]}}