{"id":54,"date":"2020-10-28T08:35:53","date_gmt":"2020-10-28T07:35:53","guid":{"rendered":"http:\/\/chateau-cinq-mars.fr\/?page_id=54"},"modified":"2025-09-21T22:18:04","modified_gmt":"2025-09-21T20:18:04","slug":"chateau-de-cinq-mars","status":"publish","type":"page","link":"https:\/\/chateau-cinq-mars.fr\/","title":{"rendered":"Ch\u00e2teau de Cinq-Mars"},"content":{"rendered":"\n<p>Vous pouvez nous joindre par e-mail <a href=\"mailto:chateau-cinq-mars@outlook.com\"><\/a><a href=\"mailto:chateau-cinq-mars@outlook.com\">chateau-cinq-mars@outlook.com<\/a><br>ou par t\u00e9l\u00e9phone au 02 47 96 40 49 ou 06 12 01 65 76<\/p>\n\n\n\n<p>Venez visiter le ch\u00e2teau de Cinq-Pars, son jardin romantique, ses tours et ses douves monumentales.<\/p>\n\n\n\n<p><\/p>\n","protected":false},"excerpt":{"rendered":"<p>Vous pouvez nous joindre par e-mail chateau-cinq-mars@outlook.comou par t\u00e9l\u00e9phone au 02 47 96 40 49 ou 06 12 01 65 76 Venez visiter le ch\u00e2teau de Cinq-Pars, son jardin romantique, ses tours et ses douves monumentales.<\/p>\n","protected":false},"author":1,"featured_media":0,"parent":0,"menu_order":0,"comment_status":"closed","ping_status":"closed","template":"","meta":{"pgc_sgb_lightbox_settings":"","footnotes":""},"class_list":["post-54","page","type-page","status-publish","hentry"],"_links":{"self":[{"href":"https:\/\/chateau-cinq-mars.fr\/index.php\/wp-json\/wp\/v2\/pages\/54","targetHints":{"allow":["GET"]}}],"collection":[{"href":"https:\/\/chateau-cinq-mars.fr\/index.php\/wp-json\/wp\/v2\/pages"}],"about":[{"href":"https:\/\/chateau-cinq-mars.fr\/index.php\/wp-json\/wp\/v2\/types\/page"}],"author":[{"embeddable":true,"href":"https:\/\/chateau-cinq-mars.fr\/index.php\/wp-json\/wp\/v2\/users\/1"}],"replies":[{"embeddable":true,"href":"https:\/\/chateau-cinq-mars.fr\/index.php\/wp-json\/wp\/v2\/comments?post=54"}],"version-history":[{"count":33,"href":"https:\/\/chateau-cinq-mars.fr\/index.php\/wp-json\/wp\/v2\/pages\/54\/revisions"}],"predecessor-version":[{"id":325,"href":"https:\/\/chateau-cinq-mars.fr\/index.php\/wp-json\/wp\/v2\/pages\/54\/revisions\/325"}],"wp:attachment":[{"href":"https:\/\/chateau-cinq-mars.fr\/index.php\/wp-json\/wp\/v2\/media?parent=54"}],"curies":[{"name":"wp","href":"https:\/\/api.w.org\/{rel}","templated":true}]}}